
{"id":4382,"date":"2026-04-15T17:24:30","date_gmt":"2026-04-15T16:24:30","guid":{"rendered":"https:\/\/www.innovemployment.pt\/?post_type=product&#038;p=4382"},"modified":"2026-04-15T17:28:09","modified_gmt":"2026-04-15T16:28:09","slug":"gestion-de-trabajadores-en-el-extranjero-copia-copia-copia-copia-copia","status":"publish","type":"product","link":"https:\/\/www.innovemployment.pt\/es\/learn\/gestion-de-trabajadores-en-el-extranjero-copia-copia-copia-copia-copia\/","title":{"rendered":"Gesti\u00f3n de Trabajadores en el Extranjero (C\u00f3pia) (C\u00f3pia) (C\u00f3pia) (C\u00f3pia) (C\u00f3pia)"},"content":{"rendered":"[vc_row type=\u00bbfull_width_background\u00bb full_screen_row_position=\u00bbmiddle\u00bb column_margin=\u00bbdefault\u00bb column_direction=\u00bbdefault\u00bb column_direction_tablet=\u00bbdefault\u00bb column_direction_phone=\u00bbdefault\u00bb scene_position=\u00bbcenter\u00bb top_margin=\u00bb-30&#8243; text_color=\u00bbdark\u00bb text_align=\u00bbleft\u00bb row_border_radius=\u00bbnone\u00bb row_border_radius_applies=\u00bbbg\u00bb overflow=\u00bbvisible\u00bb overlay_strength=\u00bb0.3&#8243; gradient_direction=\u00bbleft_to_right\u00bb shape_divider_position=\u00bbbottom\u00bb bg_image_animation=\u00bbnone\u00bb gradient_type=\u00bbdefault\u00bb shape_type=\u00bb\u00bb][vc_column column_padding=\u00bbno-extra-padding\u00bb column_padding_tablet=\u00bbinherit\u00bb column_padding_phone=\u00bbinherit\u00bb column_padding_position=\u00bball\u00bb column_element_direction_desktop=\u00bbdefault\u00bb column_element_spacing=\u00bbdefault\u00bb desktop_text_alignment=\u00bbdefault\u00bb tablet_text_alignment=\u00bbdefault\u00bb phone_text_alignment=\u00bbdefault\u00bb background_color_opacity=\u00bb1&#8243; background_hover_color_opacity=\u00bb1&#8243; column_backdrop_filter=\u00bbnone\u00bb column_shadow=\u00bbnone\u00bb column_border_radius=\u00bbnone\u00bb column_link_target=\u00bb_self\u00bb column_position=\u00bbdefault\u00bb gradient_direction=\u00bbleft_to_right\u00bb overlay_strength=\u00bb0.3&#8243; width=\u00bb1\/1&#8243; tablet_width_inherit=\u00bbdefault\u00bb animation_type=\u00bbdefault\u00bb bg_image_animation=\u00bbnone\u00bb border_type=\u00bbsimple\u00bb column_border_width=\u00bbnone\u00bb column_border_style=\u00bbsolid\u00bb][tabbed_section style=\u00bbdefault\u00bb tab_change_animation=\u00bbfade\u00bb alignment=\u00bbcenter\u00bb spacing=\u00bbside-45px\u00bb tab_color=\u00bbAccent-Color\u00bb vs_content_animation=\u00bbfade\u00bb vs_link_animation=\u00bbopacity\u00bb vs_navigation_alignment=\u00bbleft\u00bb vs_navigation_width_2=\u00bb25%\u00bb vs_navigation_func=\u00bbdefault\u00bb vs_navigation_width=\u00bbregular\u00bb vs_navigation_spacing=\u00bb15px\u00bb vs_navigation_mobile_display=\u00bbvisible\u00bb vs_tab_spacing=\u00bb5%\u00bb][tab icon_family=\u00bbfontawesome\u00bb title=\u00bbDESTINATARIOS\u00bb id=\u00bb1757944797367-1&#8243; tab_id=\u00bb1757944797367-8&#8243; icon_fontawesome=\u00bbfa fa-users\u00bb][divider line_type=\u00bbNo Line\u00bb custom_height=\u00bb20&#8243;][vc_column_text css=\u00bb\u00bb text_direction=\u00bbdefault\u00bb]\n<ul>\n<li>Todos los Profesionales de RRHH y Gestores de Personas<\/li>\n<\/ul>\n[\/vc_column_text][\/tab][tab icon_family=\u00bbfontawesome\u00bb title=\u00bbOBJETIVOS\u00bb id=\u00bb1757944797397-7&#8243; tab_id=\u00bb1757944797397-4&#8243; icon_fontawesome=\u00bbfa fa-dot-circle-o\u00bb][divider line_type=\u00bbNo Line\u00bb custom_height=\u00bb20&#8243;][vc_column_text css=\u00bb\u00bb text_direction=\u00bbdefault\u00bb]Dotar a los participantes de conocimientos sobre los puntos clave a considerar cuando un trabajador desea trabajar en el extranjero y las consideraciones legales que las entidades empleadoras deben tener en cuenta bajo la legislaci\u00f3n portuguesa.<\/p>\n<p>Al final de la Acci\u00f3n de Formaci\u00f3n, los participantes ser\u00e1n capaces de:<\/p>\n<ul>\n<li>Gestionar y manejar las solicitudes de los trabajadores que desean trabajar en el extranjero<\/li>\n<li>Entender si el trabajo del trabajador en el extranjero es comercialmente viable, incluyendo actualizaciones recomendadas de contratos y pol\u00edticas<\/li>\n<li>Conocer las potenciales ramificaciones legales, incluyendo protecci\u00f3n de datos, impuestos, salud y seguridad e inmigraci\u00f3n<\/li>\n<\/ul>\n[\/vc_column_text][\/tab][tab icon_family=\u00bbfontawesome\u00bb title=\u00bbPROGRAMA\u00bb id=\u00bb1757944797415-4&#8243; tab_id=\u00bb1757944797415-10&#8243; icon_fontawesome=\u00bbfa fa-tasks\u00bb][divider line_type=\u00bbNo Line\u00bb custom_height=\u00bb20&#8243;][vc_column_text css=\u00bb\u00bb text_direction=\u00bbdefault\u00bb]\n<ol>\n<li>Las implicaciones de la legislaci\u00f3n laboral para el trabajador que desee trabajar en el extranjero<\/li>\n<li>Las implicaciones fiscales y de seguridad social a considerar<\/li>\n<li>Las restricciones a la inmigraci\u00f3n<\/li>\n<li>Las implicaciones en materia de protecci\u00f3n de datos<\/li>\n<li>C\u00f3mo pueden los empleadores proteger a sus trabajadores en el \u00e1mbito de la salud y seguridad en el trabajo<\/li>\n<li>Los sistemas de apoyo<\/li>\n<\/ol>\n[\/vc_column_text][vc_column_text][\/vc_column_text][\/tab][tab icon_family=\u00bbfontawesome\u00bb title=\u00bbFORMADOR(A)\u00bb id=\u00bb1757944797444-7&#8243; tab_id=\u00bb1757944797445-6&#8243; icon_fontawesome=\u00bbfa fa-graduation-cap\u00bb][vc_row_inner equal_height=\u00bbyes\u00bb column_margin=\u00bbdefault\u00bb column_direction=\u00bbdefault\u00bb column_direction_tablet=\u00bbdefault\u00bb column_direction_phone=\u00bbdefault\u00bb text_align=\u00bbleft\u00bb row_position=\u00bbdefault\u00bb row_position_tablet=\u00bbinherit\u00bb row_position_phone=\u00bbinherit\u00bb overflow=\u00bbvisible\u00bb pointer_events=\u00bball\u00bb][vc_column_inner column_padding=\u00bbno-extra-padding\u00bb column_padding_tablet=\u00bbinherit\u00bb column_padding_phone=\u00bbinherit\u00bb column_padding_position=\u00bball\u00bb column_element_direction_desktop=\u00bbdefault\u00bb column_element_spacing=\u00bbdefault\u00bb desktop_text_alignment=\u00bbdefault\u00bb tablet_text_alignment=\u00bbdefault\u00bb phone_text_alignment=\u00bbdefault\u00bb background_color_opacity=\u00bb1&#8243; background_hover_color_opacity=\u00bb1&#8243; column_backdrop_filter=\u00bbnone\u00bb column_shadow=\u00bbnone\u00bb column_border_radius=\u00bbnone\u00bb column_link_target=\u00bb_self\u00bb overflow=\u00bbvisible\u00bb gradient_direction=\u00bbleft_to_right\u00bb overlay_strength=\u00bb0.3&#8243; width=\u00bb1\/4&#8243; tablet_width_inherit=\u00bbdefault\u00bb animation_type=\u00bbdefault\u00bb bg_image_animation=\u00bbnone\u00bb border_type=\u00bbsimple\u00bb column_border_width=\u00bbnone\u00bb column_border_style=\u00bbsolid\u00bb][divider line_type=\u00bbNo Line\u00bb custom_height=\u00bb60&#8243;][nectar_circle_images images=\u00bb3250&#8243; sizing=\u00bb150&#8243; positioning=\u00bbstandard\u00bb alignment_desktop=\u00bbmiddle\u00bb alignment_tablet=\u00bbinherit\u00bb alignment_phone=\u00bbinherit\u00bb animation=\u00bbfade-in\u00bb image_size=\u00bblarge\u00bb image_loading=\u00bbdefault\u00bb][divider line_type=\u00bbNo Line\u00bb custom_height=\u00bb60&#8243;][nectar_circle_images images=\u00bb3252&#8243; sizing=\u00bb150&#8243; positioning=\u00bbstandard\u00bb alignment_desktop=\u00bbmiddle\u00bb alignment_tablet=\u00bbinherit\u00bb alignment_phone=\u00bbinherit\u00bb animation=\u00bbfade-in\u00bb image_size=\u00bblarge\u00bb image_loading=\u00bbdefault\u00bb][\/vc_column_inner][vc_column_inner column_padding=\u00bbno-extra-padding\u00bb column_padding_tablet=\u00bbinherit\u00bb column_padding_phone=\u00bbinherit\u00bb column_padding_position=\u00bball\u00bb column_element_direction_desktop=\u00bbdefault\u00bb column_element_spacing=\u00bbdefault\u00bb desktop_text_alignment=\u00bbdefault\u00bb tablet_text_alignment=\u00bbdefault\u00bb phone_text_alignment=\u00bbdefault\u00bb background_color_opacity=\u00bb1&#8243; background_hover_color_opacity=\u00bb1&#8243; column_backdrop_filter=\u00bbnone\u00bb column_shadow=\u00bbnone\u00bb column_border_radius=\u00bbnone\u00bb column_link_target=\u00bb_self\u00bb overflow=\u00bbvisible\u00bb gradient_direction=\u00bbleft_to_right\u00bb overlay_strength=\u00bb0.3&#8243; width=\u00bb3\/4&#8243; tablet_width_inherit=\u00bbdefault\u00bb animation_type=\u00bbdefault\u00bb bg_image_animation=\u00bbnone\u00bb border_type=\u00bbsimple\u00bb column_border_width=\u00bbnone\u00bb column_border_style=\u00bbsolid\u00bb][divider line_type=\u00bbNo Line\u00bb custom_height=\u00bb40&#8243;][vc_column_text css=\u00bb\u00bb text_direction=\u00bbdefault\u00bb]<strong>Filipa Lopes Galv\u00e3o <\/strong><\/p>\n<p>Asociada Coordinadora en DCM | Littler (Portugal). Es Licenciada por la Facultad de Derecho de la Universidad de Lisboa. M\u00e1ster \u00abLLM\u00bb en International Legal Practice en Instituto de Empresa IE Law School, Madrid. Curso Avanzado de Protecci\u00f3n de Datos: Reglamento General de Protecci\u00f3n de Datos, Directivas de la UE y legislaci\u00f3n Nacional en el Instituto de Ciencias Jur\u00eddico-pol\u00edticas de la Facultad de Derecho de la Universidad de Lisboa. Curso Protecci\u00f3n de Datos \u2013 Instituto de Ciencias Jur\u00eddico-pol\u00edticas de la Facultad de Derecho de la Universidad de Lisboa.[\/vc_column_text][divider line_type=\u00bbNo Line\u00bb custom_height=\u00bb40&#8243;][vc_column_text css=\u00bb\u00bb text_direction=\u00bbdefault\u00bb]<strong>Tiago Sequeira Mousinho <\/strong><\/p>\n<p>Licenciado en Derecho por la Facultad de Derecho, Universidad de Lisboa. M\u00e1ster en Derecho y Ciencia Jur\u00eddica, especialidad en Derecho Laboral, por la Facultad de Derecho de la Universidad de Lisboa. Abogado en DCM | Littler. Investigador en Legal Place. Miembro Asociado Efectivo en APODIT \u2013 Asociaci\u00f3n Portuguesa de Derecho del Trabajo. Autor de diversos art\u00edculos en el \u00e1rea de Derecho del Trabajo y Derecho Intelectual en Portugal, Espa\u00f1a y Suiza. Imparte formaciones profesionales para empresas en \u00e1reas de Derecho del Trabajo, Compliance organizacional, Protecci\u00f3n de Datos y Protecci\u00f3n de Informaciones Comercialmente Sensibles. Ponente Invitado en diversas conferencias en Derecho del Trabajo y Derecho del Deporte, Compliance y Whistleblowing en Portugal y en Brasil.[\/vc_column_text][\/vc_column_inner][\/vc_row_inner][\/tab][\/tabbed_section][\/vc_column][\/vc_row]\n","protected":false},"excerpt":{"rendered":"<p data-start=\"99\" data-end=\"487\"><strong>DURACI\u00d3N:<\/strong> 03 Horas<\/p>\n<p data-start=\"99\" data-end=\"487\">GESTI\u00d3N DE TRABAJADORES EN EL EXTRANJERO &#8211; ORIENTACIONES PARA PROFESIONALES DE RRHH<\/p>\n<p>Despu\u00e9s de que el trabajo remoto se convirtiera en la norma para muchos trabajadores durante la pandemia, muchos empleadores est\u00e1n adoptando esta nueva realidad como una oportunidad para implementar modelos de trabajo flexibles. Esto permite a los trabajadores continuar trabajando fuera de la oficina durante, al menos, una parte de su semana laboral. La situaci\u00f3n se vuelve m\u00e1s compleja cuando el trabajador desea trabajar en otro pa\u00eds, de forma permanente o temporal.  <\/p>\n","protected":false},"featured_media":0,"template":"","meta":[],"product_brand":[],"product_cat":[126,125],"product_tag":[],"class_list":{"0":"post-4382","1":"product","2":"type-product","3":"status-publish","5":"product_cat-derecho","6":"product_cat-oferta-formativa","8":"first","9":"instock","10":"virtual","11":"taxable","12":"product-type-simple"},"_links":{"self":[{"href":"https:\/\/www.innovemployment.pt\/es\/wp-json\/wp\/v2\/product\/4382","targetHints":{"allow":["GET"]}}],"collection":[{"href":"https:\/\/www.innovemployment.pt\/es\/wp-json\/wp\/v2\/product"}],"about":[{"href":"https:\/\/www.innovemployment.pt\/es\/wp-json\/wp\/v2\/types\/product"}],"wp:attachment":[{"href":"https:\/\/www.innovemployment.pt\/es\/wp-json\/wp\/v2\/media?parent=4382"}],"wp:term":[{"taxonomy":"product_brand","embeddable":true,"href":"https:\/\/www.innovemployment.pt\/es\/wp-json\/wp\/v2\/product_brand?post=4382"},{"taxonomy":"product_cat","embeddable":true,"href":"https:\/\/www.innovemployment.pt\/es\/wp-json\/wp\/v2\/product_cat?post=4382"},{"taxonomy":"product_tag","embeddable":true,"href":"https:\/\/www.innovemployment.pt\/es\/wp-json\/wp\/v2\/product_tag?post=4382"}],"curies":[{"name":"wp","href":"https:\/\/api.w.org\/{rel}","templated":true}]}}