
{"id":4385,"date":"2026-04-15T17:31:56","date_gmt":"2026-04-15T16:31:56","guid":{"rendered":"https:\/\/www.innovemployment.pt\/?post_type=product&#038;p=4385"},"modified":"2026-04-15T17:34:31","modified_gmt":"2026-04-15T16:34:31","slug":"managing-employees-abroad-copia-copia-copia-copia-copia-copia","status":"publish","type":"product","link":"https:\/\/www.innovemployment.pt\/en\/learn\/managing-employees-abroad-copia-copia-copia-copia-copia-copia\/","title":{"rendered":"Managing Employees Abroad (C\u00f3pia) (C\u00f3pia) (C\u00f3pia) (C\u00f3pia) (C\u00f3pia) (C\u00f3pia)"},"content":{"rendered":"[vc_row type=&#8221;full_width_background&#8221; full_screen_row_position=&#8221;middle&#8221; column_margin=&#8221;default&#8221; column_direction=&#8221;default&#8221; column_direction_tablet=&#8221;default&#8221; column_direction_phone=&#8221;default&#8221; scene_position=&#8221;center&#8221; top_margin=&#8221;-30&#8243; text_color=&#8221;dark&#8221; text_align=&#8221;left&#8221; row_border_radius=&#8221;none&#8221; row_border_radius_applies=&#8221;bg&#8221; overflow=&#8221;visible&#8221; overlay_strength=&#8221;0.3&#8243; gradient_direction=&#8221;left_to_right&#8221; shape_divider_position=&#8221;bottom&#8221; bg_image_animation=&#8221;none&#8221; gradient_type=&#8221;default&#8221; shape_type=&#8221;&#8221;][vc_column column_padding=&#8221;no-extra-padding&#8221; column_padding_tablet=&#8221;inherit&#8221; column_padding_phone=&#8221;inherit&#8221; column_padding_position=&#8221;all&#8221; column_element_direction_desktop=&#8221;default&#8221; column_element_spacing=&#8221;default&#8221; desktop_text_alignment=&#8221;default&#8221; tablet_text_alignment=&#8221;default&#8221; phone_text_alignment=&#8221;default&#8221; background_color_opacity=&#8221;1&#8243; background_hover_color_opacity=&#8221;1&#8243; column_backdrop_filter=&#8221;none&#8221; column_shadow=&#8221;none&#8221; column_border_radius=&#8221;none&#8221; column_link_target=&#8221;_self&#8221; column_position=&#8221;default&#8221; gradient_direction=&#8221;left_to_right&#8221; overlay_strength=&#8221;0.3&#8243; width=&#8221;1\/1&#8243; tablet_width_inherit=&#8221;default&#8221; animation_type=&#8221;default&#8221; bg_image_animation=&#8221;none&#8221; border_type=&#8221;simple&#8221; column_border_width=&#8221;none&#8221; column_border_style=&#8221;solid&#8221;][tabbed_section style=&#8221;default&#8221; tab_change_animation=&#8221;fade&#8221; alignment=&#8221;center&#8221; spacing=&#8221;side-45px&#8221; tab_color=&#8221;Accent-Color&#8221; vs_content_animation=&#8221;fade&#8221; vs_link_animation=&#8221;opacity&#8221; vs_navigation_alignment=&#8221;left&#8221; vs_navigation_width_2=&#8221;25%&#8221; vs_navigation_func=&#8221;default&#8221; vs_navigation_width=&#8221;regular&#8221; vs_navigation_spacing=&#8221;15px&#8221; vs_navigation_mobile_display=&#8221;visible&#8221; vs_tab_spacing=&#8221;5%&#8221;][tab icon_family=&#8221;fontawesome&#8221; title=&#8221;TARGET AUDIENCE&#8221; id=&#8221;1757944797367-1&#8243; tab_id=&#8221;1757944797367-8&#8243; icon_fontawesome=&#8221;fa fa-users&#8221;][divider line_type=&#8221;No Line&#8221; custom_height=&#8221;20&#8243;][vc_column_text css=&#8221;&#8221; text_direction=&#8221;default&#8221;]\n<ul>\n<li>All HR Professionals and People Managers<\/li>\n<\/ul>\n[\/vc_column_text][\/tab][tab icon_family=&#8221;fontawesome&#8221; title=&#8221;OBJECTIVES&#8221; id=&#8221;1757944797397-7&#8243; tab_id=&#8221;1757944797397-4&#8243; icon_fontawesome=&#8221;fa fa-dot-circle-o&#8221;][divider line_type=&#8221;No Line&#8221; custom_height=&#8221;20&#8243;][vc_column_text css=&#8221;&#8221; text_direction=&#8221;default&#8221;]Provide participants with knowledge of the key points to consider when an employee intends to work abroad, as well as the legal considerations that employers must take into account under Portuguese law.<\/p>\n<p>At the end of the training session, participants will be able to:<\/p>\n<ul>\n<li>Handle and manage requests from employees who wish to work abroad<\/li>\n<li>Understand whether an employee\u2019s work abroad is commercially viable, including recommended updates to contracts and policies<\/li>\n<li>Be aware of potential legal implications, including data protection, taxes, health and safety, and immigration<\/li>\n<\/ul>\n[\/vc_column_text][\/tab][tab icon_family=&#8221;fontawesome&#8221; title=&#8221;PROGRAM&#8221; id=&#8221;1757944797415-4&#8243; tab_id=&#8221;1757944797415-10&#8243; icon_fontawesome=&#8221;fa fa-tasks&#8221;][divider line_type=&#8221;No Line&#8221; custom_height=&#8221;20&#8243;][vc_column_text css=&#8221;&#8221; text_direction=&#8221;default&#8221;]\n<ol>\n<li>The implications of labor law for employees who wish to work abroad<\/li>\n<li>The tax and social security considerations<\/li>\n<li>Immigration restrictions<\/li>\n<li>Data protection implications<\/li>\n<li>How employers can safeguard their employees in terms of occupational health and safety<\/li>\n<li>Support systems<\/li>\n<\/ol>\n[\/vc_column_text][vc_column_text][\/vc_column_text][\/tab][tab icon_family=&#8221;fontawesome&#8221; title=&#8221;TRAINER&#8221; id=&#8221;1757944797444-7&#8243; tab_id=&#8221;1757944797445-6&#8243; icon_fontawesome=&#8221;fa fa-graduation-cap&#8221;][vc_row_inner equal_height=&#8221;yes&#8221; column_margin=&#8221;default&#8221; column_direction=&#8221;default&#8221; column_direction_tablet=&#8221;default&#8221; column_direction_phone=&#8221;default&#8221; text_align=&#8221;left&#8221; row_position=&#8221;default&#8221; row_position_tablet=&#8221;inherit&#8221; row_position_phone=&#8221;inherit&#8221; overflow=&#8221;visible&#8221; pointer_events=&#8221;all&#8221;][vc_column_inner column_padding=&#8221;no-extra-padding&#8221; column_padding_tablet=&#8221;inherit&#8221; column_padding_phone=&#8221;inherit&#8221; column_padding_position=&#8221;all&#8221; column_element_direction_desktop=&#8221;default&#8221; column_element_spacing=&#8221;default&#8221; desktop_text_alignment=&#8221;default&#8221; tablet_text_alignment=&#8221;default&#8221; phone_text_alignment=&#8221;default&#8221; background_color_opacity=&#8221;1&#8243; background_hover_color_opacity=&#8221;1&#8243; column_backdrop_filter=&#8221;none&#8221; column_shadow=&#8221;none&#8221; column_border_radius=&#8221;none&#8221; column_link_target=&#8221;_self&#8221; overflow=&#8221;visible&#8221; gradient_direction=&#8221;left_to_right&#8221; overlay_strength=&#8221;0.3&#8243; width=&#8221;1\/4&#8243; tablet_width_inherit=&#8221;default&#8221; animation_type=&#8221;default&#8221; bg_image_animation=&#8221;none&#8221; border_type=&#8221;simple&#8221; column_border_width=&#8221;none&#8221; column_border_style=&#8221;solid&#8221;][divider line_type=&#8221;No Line&#8221; custom_height=&#8221;60&#8243;][nectar_circle_images images=&#8221;3250&#8243; sizing=&#8221;150&#8243; positioning=&#8221;standard&#8221; alignment_desktop=&#8221;middle&#8221; alignment_tablet=&#8221;inherit&#8221; alignment_phone=&#8221;inherit&#8221; animation=&#8221;fade-in&#8221; image_size=&#8221;large&#8221; image_loading=&#8221;default&#8221;][divider line_type=&#8221;No Line&#8221; custom_height=&#8221;60&#8243;][nectar_circle_images images=&#8221;3252&#8243; sizing=&#8221;150&#8243; positioning=&#8221;standard&#8221; alignment_desktop=&#8221;middle&#8221; alignment_tablet=&#8221;inherit&#8221; alignment_phone=&#8221;inherit&#8221; animation=&#8221;fade-in&#8221; image_size=&#8221;large&#8221; image_loading=&#8221;default&#8221;][\/vc_column_inner][vc_column_inner column_padding=&#8221;no-extra-padding&#8221; column_padding_tablet=&#8221;inherit&#8221; column_padding_phone=&#8221;inherit&#8221; column_padding_position=&#8221;all&#8221; column_element_direction_desktop=&#8221;default&#8221; column_element_spacing=&#8221;default&#8221; desktop_text_alignment=&#8221;default&#8221; tablet_text_alignment=&#8221;default&#8221; phone_text_alignment=&#8221;default&#8221; background_color_opacity=&#8221;1&#8243; background_hover_color_opacity=&#8221;1&#8243; column_backdrop_filter=&#8221;none&#8221; column_shadow=&#8221;none&#8221; column_border_radius=&#8221;none&#8221; column_link_target=&#8221;_self&#8221; overflow=&#8221;visible&#8221; gradient_direction=&#8221;left_to_right&#8221; overlay_strength=&#8221;0.3&#8243; width=&#8221;3\/4&#8243; tablet_width_inherit=&#8221;default&#8221; animation_type=&#8221;default&#8221; bg_image_animation=&#8221;none&#8221; border_type=&#8221;simple&#8221; column_border_width=&#8221;none&#8221; column_border_style=&#8221;solid&#8221;][divider line_type=&#8221;No Line&#8221; custom_height=&#8221;40&#8243;][vc_column_text css=&#8221;&#8221; text_direction=&#8221;default&#8221;]<strong>Filipa Lopes Galv\u00e3o <\/strong><\/p>\n<p>Associate Coordinator at DCM | Littler (Portugal). Holds a Law degree from the Faculty of Law, University of Lisbon. Master of Laws (LL.M.) in International Legal Practice from IE Law School, Instituto de Empresa, Madrid. Completed an Advanced Data Protection Course: General Data Protection Regulation (GDPR), EU Directives, and national legislation at the Institute of Legal and Political Sciences, Faculty of Law, University of Lisbon. Also completed a Data Protection Course at the same institute.[\/vc_column_text][divider line_type=&#8221;No Line&#8221; custom_height=&#8221;40&#8243;][vc_column_text css=&#8221;&#8221; text_direction=&#8221;default&#8221;]<strong>Tiago Sequeira Mousinho <\/strong><\/p>\n<p>Licenciado em Direito pela Faculdade de Direito, Universidade de Lisboa. Mestre em Direito e Ci\u00eancia Jur\u00eddica, especialidade em Direito Laboral, pela Faculdade de Direito da Universidade de Lisboa. Advogado na DCM | Littler. Investigador no Legal Place. Membro Associado Efetivo na APODIT \u2013 Associa\u00e7\u00e3o Portuguesa de Direito do Trabalho. Autor de diversos artigos na \u00e1rea de Direito do Trabalho e Direito Intelectual em Portugal, Espanha e Su\u00ed\u00e7a. Ministra forma\u00e7\u00f5es profissionais para empresas em \u00e1reas de Direito do Trabalho, Compliance organizacional, Prote\u00e7\u00e3o de Dados e Prote\u00e7\u00e3o de Informa\u00e7\u00f5es Comercialmente Sens\u00edveis. Orador Convidado em diversas confer\u00eancias em Direito do Trabalho e Direito do Desporto, Compliance e Whistleblowing em Portugal e no Brasil.[\/vc_column_text][\/vc_column_inner][\/vc_row_inner][\/tab][\/tabbed_section][\/vc_column][\/vc_row]\n","protected":false},"excerpt":{"rendered":"<p data-start=\"99\" data-end=\"487\">DURATION: 3 Hours<\/p>\n<p data-start=\"99\" data-end=\"487\">MANAGING WORKERS ABROAD \u2013 GUIDANCE FOR HR PROFESSIONALS<\/p>\n<p>After remote work became the norm for many employees during the pandemic, many employers are embracing this new reality as an opportunity to implement flexible work models. This allows employees to continue working outside the office for at least part of their workweek. The situation becomes more complex when an employee intends to work in another country, either permanently or temporarily.  <\/p>\n","protected":false},"featured_media":0,"template":"","meta":[],"product_brand":[],"product_cat":[121],"product_tag":[],"class_list":{"0":"post-4385","1":"product","2":"type-product","3":"status-publish","5":"product_cat-training-offer","7":"first","8":"instock","9":"virtual","10":"taxable","11":"product-type-simple"},"_links":{"self":[{"href":"https:\/\/www.innovemployment.pt\/en\/wp-json\/wp\/v2\/product\/4385","targetHints":{"allow":["GET"]}}],"collection":[{"href":"https:\/\/www.innovemployment.pt\/en\/wp-json\/wp\/v2\/product"}],"about":[{"href":"https:\/\/www.innovemployment.pt\/en\/wp-json\/wp\/v2\/types\/product"}],"wp:attachment":[{"href":"https:\/\/www.innovemployment.pt\/en\/wp-json\/wp\/v2\/media?parent=4385"}],"wp:term":[{"taxonomy":"product_brand","embeddable":true,"href":"https:\/\/www.innovemployment.pt\/en\/wp-json\/wp\/v2\/product_brand?post=4385"},{"taxonomy":"product_cat","embeddable":true,"href":"https:\/\/www.innovemployment.pt\/en\/wp-json\/wp\/v2\/product_cat?post=4385"},{"taxonomy":"product_tag","embeddable":true,"href":"https:\/\/www.innovemployment.pt\/en\/wp-json\/wp\/v2\/product_tag?post=4385"}],"curies":[{"name":"wp","href":"https:\/\/api.w.org\/{rel}","templated":true}]}}